{"id":120,"date":"2019-04-09T23:02:56","date_gmt":"2019-04-09T21:02:56","guid":{"rendered":"https:\/\/www.loscortijosdelareserva.com\/?page_id=120"},"modified":"2019-04-18T13:19:33","modified_gmt":"2019-04-18T11:19:33","slug":"privacidad","status":"publish","type":"page","link":"https:\/\/www.loscortijosdelareserva.com\/de\/privacidad\/","title":{"rendered":"Privatsph\u00e4re"},"content":{"rendered":"<div id=\"ez-toc-container\" class=\"ez-toc-v2_0_82_2 counter-hierarchy ez-toc-counter ez-toc-custom ez-toc-container-direction\">\n<div class=\"ez-toc-title-container\"><p class=\"ez-toc-title\" style=\"cursor:inherit\">Inhalts\u00fcbersicht<\/p>\n<\/div><nav><ul class='ez-toc-list ez-toc-list-level-1' ><li class='ez-toc-page-1 ez-toc-heading-level-2'><a class=\"ez-toc-link ez-toc-heading-1\" href=\"https:\/\/www.loscortijosdelareserva.com\/de\/privacidad\/#Politica_de_Privacidad\" >Datenschutzpolitik<\/a><\/li><li class='ez-toc-page-1 ez-toc-heading-level-2'><a class=\"ez-toc-link ez-toc-heading-2\" href=\"https:\/\/www.loscortijosdelareserva.com\/de\/privacidad\/#Informacion_que_es_recogida\" >Erkennbare Informationen<\/a><\/li><li class='ez-toc-page-1 ez-toc-heading-level-2'><a class=\"ez-toc-link ez-toc-heading-3\" href=\"https:\/\/www.loscortijosdelareserva.com\/de\/privacidad\/#Uso_de_la_informacion_recogida\" >Verwendung der erfassten Informationen<\/a><\/li><li class='ez-toc-page-1 ez-toc-heading-level-2'><a class=\"ez-toc-link ez-toc-heading-4\" href=\"https:\/\/www.loscortijosdelareserva.com\/de\/privacidad\/#Cookies\" >Cookies<\/a><\/li><li class='ez-toc-page-1 ez-toc-heading-level-2'><a class=\"ez-toc-link ez-toc-heading-5\" href=\"https:\/\/www.loscortijosdelareserva.com\/de\/privacidad\/#Enlaces_a_Terceros\" >Enlaces a Terceros<\/a><\/li><li class='ez-toc-page-1 ez-toc-heading-level-2'><a class=\"ez-toc-link ez-toc-heading-6\" href=\"https:\/\/www.loscortijosdelareserva.com\/de\/privacidad\/#Control_de_su_informacion_personal\" >Kontrolle Ihrer pers\u00f6nlichen Daten<\/a><\/li><\/ul><\/nav><\/div>\n<h2><span class=\"ez-toc-section\" id=\"Politica_de_Privacidad\"><\/span>Datenschutzpolitik<span class=\"ez-toc-section-end\"><\/span><\/h2>\n<p>Die vorliegende Datenschutzrichtlinie legt die Bedingungen fest, unter denen LosCortijosDeLaReserva.com die Informationen, die von seinen Nutzern bei der Nutzung seiner Website zur Verf\u00fcgung gestellt werden, verwendet und sch\u00fctzt. Esta compa\u00f1\u00eda est\u00e1 comprometida con la seguridad de los datos de sus usuarios. Wenn wir Sie auffordern, Ihre pers\u00f6nlichen Daten, mit denen Sie identifiziert werden k\u00f6nnen, zu \u00fcbermitteln, stellen wir sicher, dass diese nur in \u00dcbereinstimmung mit den Bestimmungen dieses Dokuments verwendet werden. Sin embargo esta Pol\u00edtica de Privacidad puede cambiar con el tiempo o ser actualizada por lo que le recomendamos y enfatizamos revisar continuamente esta p\u00e1gina para asegurarse que est\u00e1 de acuerdo con dichos cambios.<\/p>\n<h2><span class=\"ez-toc-section\" id=\"Informacion_que_es_recogida\"><\/span>Erkennbare Informationen<span class=\"ez-toc-section-end\"><\/span><\/h2>\n<p>Unser Webportal kann beispielsweise pers\u00f6nliche Daten erfassen: Name, Kontaktinformationen wie z.B. die E-Mail-Adresse und demografische Informationen. Ebenso k\u00f6nnen bei Bedarf spezielle Informationen angefordert werden, um eine Bestellung zu bearbeiten oder eine Lieferung oder eine Rechnung zu erstellen.<\/p>\n<h2><span class=\"ez-toc-section\" id=\"Uso_de_la_informacion_recogida\"><\/span>Verwendung der erfassten Informationen<span class=\"ez-toc-section-end\"><\/span><\/h2>\n<p>Unsere Website nutzt die Informationen, um den bestm\u00f6glichen Service zu bieten, insbesondere um ein Benutzer- und Kundenregister zu f\u00fchren und unsere Produkte und Dienstleistungen zu verbessern. Es ist m\u00f6glich, dass Ihnen peri\u00f3dicamente correos electr\u00f3nicos a trav\u00e9s de nuestro sitio mit Sonderangeboten, neuen Produkten und anderen \u00f6ffentlichen Informationen zugesandt werden, die wir als relevant f\u00fcr Sie erachten oder die Ihnen irgendeinen Nutzen bringen k\u00f6nnten, estos correos electr\u00f3nicos ser\u00e1n enviados a la direcci\u00f3n que usted proporcione y podr\u00e1n ser cancelados en cualquier momento.<\/p>\n<p>LosCortijosDeLaReserva.com est\u00e1 altamente comprometido para cumplir con el compromiso de mantener su informaci\u00f3n segura. Wir verwenden die fortschrittlichsten Systeme und aktualisieren sie st\u00e4ndig, um sicherzustellen, dass es keinen unbefugten Zugang gibt.<\/p>\n<h2><span class=\"ez-toc-section\" id=\"Cookies\"><\/span>Cookies<span class=\"ez-toc-section-end\"><\/span><\/h2>\n<p>Ein Cookie ist eine Datei, die mit der Bitte um Erlaubnis, in Ihrem Browser gespeichert zu werden, an Sie gesendet wird. Wenn Sie diese Datei akzeptieren, wird sie erstellt, und das Cookie dient dann dazu, Informationen \u00fcber den Internetverkehr zu erhalten, und erleichtert auch k\u00fcnftige Besuche einer Website. Eine weitere Funktion, die Cookies erf\u00fcllen, ist, dass sie das Web individuell wiedererkennen und somit einen besseren, personalisierten Web-Service bieten k\u00f6nnen.<\/p>\n<p>Unsere Website verwendet Cookies, um die besuchten Seiten und deren H\u00e4ufigkeit zu identifizieren. Diese Informationen werden nur f\u00fcr die statistische Analyse verwendet und danach dauerhaft gel\u00f6scht. Usted puede eliminar las cookies en cualquier momento desde su ordenador. Allerdings helfen die Cookies dabei, einen besseren Service der Webseiten zu bieten, sie geben aber keinen Zugang zu den Informationen Ihres Browsers oder Ihnen selbst, wenn Sie dies w\u00fcnschen und direkt auf eine Webseite zugreifen. Sie k\u00f6nnen die Verwendung von Cookies akzeptieren oder ablehnen, aber die meisten Nutzer akzeptieren Cookies automatisch, um einen besseren Web-Service zu erhalten. Dar\u00fcber hinaus k\u00f6nnen Sie die Konfiguration Ihres Browsers \u00e4ndern, um Cookies abzulehnen. Wenn Sie Cookies ablehnen, kann es sein, dass Sie einige unserer Dienste nicht nutzen k\u00f6nnen.<\/p>\n<h2><span class=\"ez-toc-section\" id=\"Enlaces_a_Terceros\"><\/span>Enlaces a Terceros<span class=\"ez-toc-section-end\"><\/span><\/h2>\n<p>Diese Website kann Links zu anderen Websites enthalten, die f\u00fcr Sie von Interesse sein k\u00f6nnten. Wenn Sie diese Links anklicken und unsere Website verlassen, haben wir keine Kontrolle \u00fcber die Seite, auf die Sie weitergeleitet werden, und sind daher weder f\u00fcr die Datenschutzbestimmungen noch f\u00fcr den Schutz Ihrer Daten auf diesen anderen Seiten verantwortlich. Diese Websites unterliegen eigenen Datenschutzrichtlinien, weshalb es empfehlenswert ist, sie zu konsultieren, um zu best\u00e4tigen, dass Sie mit diesen einverstanden sind.<\/p>\n<h2><span class=\"ez-toc-section\" id=\"Control_de_su_informacion_personal\"><\/span>Kontrolle Ihrer pers\u00f6nlichen Daten<span class=\"ez-toc-section-end\"><\/span><\/h2>\n<p>Sie k\u00f6nnen jederzeit die Wiederver\u00f6ffentlichung oder die Nutzung der pers\u00f6nlichen Informationen, die Sie auf unserer Website zur Verf\u00fcgung gestellt bekommen, zur\u00fcckhalten. Cada vez que se le solicite rellenar un formulario, como el de alta de usuario, puede marcar o desmarcar la opci\u00f3n de recibir informaci\u00f3n por correo electr\u00f3nico. En caso de que haya marcado la opci\u00f3n de recibir nuestro bolet\u00edn o publicidad usted puede cancelarla en cualquier momento.<\/p>\n<p>Esta compa\u00f1\u00eda no vender\u00e1, ceder\u00e1 ni distribuir\u00e1 la informaci\u00f3n personal que es recopilada sin su consentimiento, salvo que sea requerido por un juez con un orden judicial.<\/p>\n<p>LosCortijosDeLaReserva.com Se reserva el derecho de cambiar los t\u00e9rminos de la presente Pol\u00edtica de Privacidad en cualquier momento.<\/p>","protected":false},"excerpt":{"rendered":"<p>Datenschutzrichtlinie Die vorliegende Datenschutzrichtlinie legt die Bedingungen fest, unter denen LosCortijosDeLaReserva.com die Informationen, die von seinen Nutzern bei der Nutzung seiner Website zur Verf\u00fcgung gestellt werden, verwendet und sch\u00fctzt. Esta compa\u00f1\u00eda est\u00e1 comprometida con la seguridad de los datos de sus usuarios. Wenn wir Sie auffordern, Ihre pers\u00f6nlichen Daten zu \u00fcbermitteln, ... <a title=\"Privatsph\u00e4re\" class=\"read-more\" href=\"https:\/\/www.loscortijosdelareserva.com\/de\/privacidad\/\" aria-label=\"Mehr Informationen \u00fcber Privacidad\">Weiterlesen<\/a><\/p>","protected":false},"author":1,"featured_media":0,"parent":0,"menu_order":0,"comment_status":"closed","ping_status":"closed","template":"","meta":{"footnotes":""},"class_list":["post-120","page","type-page","status-publish"],"yoast_head":"<!-- This site is optimized with the Yoast SEO plugin v27.4 - https:\/\/yoast.com\/product\/yoast-seo-wordpress\/ -->\n<title>Privacidad - Los Cortijos de la Reserva<\/title>\n<meta name=\"robots\" content=\"index, follow, max-snippet:-1, max-image-preview:large, max-video-preview:-1\" \/>\n<link rel=\"canonical\" href=\"https:\/\/www.loscortijosdelareserva.com\/de\/privacidad\/\" \/>\n<meta property=\"og:locale\" content=\"de_DE\" \/>\n<meta property=\"og:type\" content=\"article\" \/>\n<meta property=\"og:title\" content=\"Privacidad - Los Cortijos de la Reserva\" \/>\n<meta property=\"og:description\" content=\"Pol\u00edtica de Privacidad El presente Pol\u00edtica de Privacidad establece los t\u00e9rminos en que LosCortijosDeLaReserva.com usa y protege la informaci\u00f3n que es proporcionada por sus usuarios al momento de utilizar su sitio web. Esta compa\u00f1\u00eda est\u00e1 comprometida con la seguridad de los datos de sus usuarios. Cuando le pedimos llenar los campos de informaci\u00f3n personal con ... Weiterlesen\" \/>\n<meta property=\"og:url\" content=\"https:\/\/www.loscortijosdelareserva.com\/de\/privacidad\/\" \/>\n<meta property=\"og:site_name\" content=\"Los Cortijos de la Reserva\" \/>\n<meta property=\"article:modified_time\" content=\"2019-04-18T11:19:33+00:00\" \/>\n<meta name=\"twitter:card\" content=\"summary_large_image\" \/>\n<meta name=\"twitter:label1\" content=\"Gesch\u00e4tzte Lesezeit\" \/>\n\t<meta name=\"twitter:data1\" content=\"4\u00a0Minuten\" \/>\n<script type=\"application\/ld+json\" class=\"yoast-schema-graph\">{\"@context\":\"https:\\\/\\\/schema.org\",\"@graph\":[{\"@type\":\"WebPage\",\"@id\":\"https:\\\/\\\/www.loscortijosdelareserva.com\\\/privacidad\\\/\",\"url\":\"https:\\\/\\\/www.loscortijosdelareserva.com\\\/privacidad\\\/\",\"name\":\"Privacidad - Los Cortijos de la Reserva\",\"isPartOf\":{\"@id\":\"https:\\\/\\\/www.loscortijosdelareserva.com\\\/en\\\/#website\"},\"datePublished\":\"2019-04-09T21:02:56+00:00\",\"dateModified\":\"2019-04-18T11:19:33+00:00\",\"breadcrumb\":{\"@id\":\"https:\\\/\\\/www.loscortijosdelareserva.com\\\/privacidad\\\/#breadcrumb\"},\"inLanguage\":\"de\",\"potentialAction\":[{\"@type\":\"ReadAction\",\"target\":[\"https:\\\/\\\/www.loscortijosdelareserva.com\\\/privacidad\\\/\"]}]},{\"@type\":\"BreadcrumbList\",\"@id\":\"https:\\\/\\\/www.loscortijosdelareserva.com\\\/privacidad\\\/#breadcrumb\",\"itemListElement\":[{\"@type\":\"ListItem\",\"position\":1,\"name\":\"Portada\",\"item\":\"https:\\\/\\\/www.loscortijosdelareserva.com\\\/\"},{\"@type\":\"ListItem\",\"position\":2,\"name\":\"Privacidad\"}]},{\"@type\":\"WebSite\",\"@id\":\"https:\\\/\\\/www.loscortijosdelareserva.com\\\/en\\\/#website\",\"url\":\"https:\\\/\\\/www.loscortijosdelareserva.com\\\/en\\\/\",\"name\":\"Los Cortijos de la Reserva\",\"description\":\"\",\"publisher\":{\"@id\":\"https:\\\/\\\/www.loscortijosdelareserva.com\\\/en\\\/#organization\"},\"potentialAction\":[{\"@type\":\"SearchAction\",\"target\":{\"@type\":\"EntryPoint\",\"urlTemplate\":\"https:\\\/\\\/www.loscortijosdelareserva.com\\\/en\\\/?s={search_term_string}\"},\"query-input\":{\"@type\":\"PropertyValueSpecification\",\"valueRequired\":true,\"valueName\":\"search_term_string\"}}],\"inLanguage\":\"de\"},{\"@type\":\"Organization\",\"@id\":\"https:\\\/\\\/www.loscortijosdelareserva.com\\\/en\\\/#organization\",\"name\":\"Los Cortijos de la Reserva\",\"url\":\"https:\\\/\\\/www.loscortijosdelareserva.com\\\/en\\\/\",\"logo\":{\"@type\":\"ImageObject\",\"inLanguage\":\"de\",\"@id\":\"https:\\\/\\\/www.loscortijosdelareserva.com\\\/en\\\/#\\\/schema\\\/logo\\\/image\\\/\",\"url\":\"https:\\\/\\\/www.loscortijosdelareserva.com\\\/wp-content\\\/uploads\\\/Los-Cortijos-de-la-Reserva-Casas.jpg\",\"contentUrl\":\"https:\\\/\\\/www.loscortijosdelareserva.com\\\/wp-content\\\/uploads\\\/Los-Cortijos-de-la-Reserva-Casas.jpg\",\"width\":1803,\"height\":1200,\"caption\":\"Los Cortijos de la Reserva\"},\"image\":{\"@id\":\"https:\\\/\\\/www.loscortijosdelareserva.com\\\/en\\\/#\\\/schema\\\/logo\\\/image\\\/\"}}]}<\/script>\n<!-- \/ Yoast SEO plugin. -->","yoast_head_json":{"title":"Privatheit - Los Cortijos de la Reserva","robots":{"index":"index","follow":"follow","max-snippet":"max-snippet:-1","max-image-preview":"max-image-preview:large","max-video-preview":"max-video-preview:-1"},"canonical":"https:\/\/www.loscortijosdelareserva.com\/de\/privacidad\/","og_locale":"de_DE","og_type":"article","og_title":"Privacidad - Los Cortijos de la Reserva","og_description":"Pol\u00edtica de Privacidad El presente Pol\u00edtica de Privacidad establece los t\u00e9rminos en que LosCortijosDeLaReserva.com usa y protege la informaci\u00f3n que es proporcionada por sus usuarios al momento de utilizar su sitio web. Esta compa\u00f1\u00eda est\u00e1 comprometida con la seguridad de los datos de sus usuarios. Cuando le pedimos llenar los campos de informaci\u00f3n personal con ... Weiterlesen","og_url":"https:\/\/www.loscortijosdelareserva.com\/de\/privacidad\/","og_site_name":"Los Cortijos de la Reserva","article_modified_time":"2019-04-18T11:19:33+00:00","twitter_card":"summary_large_image","twitter_misc":{"Gesch\u00e4tzte Lesezeit":"4\u00a0Minuten"},"schema":{"@context":"https:\/\/schema.org","@graph":[{"@type":"WebPage","@id":"https:\/\/www.loscortijosdelareserva.com\/privacidad\/","url":"https:\/\/www.loscortijosdelareserva.com\/privacidad\/","name":"Privatheit - Los Cortijos de la Reserva","isPartOf":{"@id":"https:\/\/www.loscortijosdelareserva.com\/en\/#website"},"datePublished":"2019-04-09T21:02:56+00:00","dateModified":"2019-04-18T11:19:33+00:00","breadcrumb":{"@id":"https:\/\/www.loscortijosdelareserva.com\/privacidad\/#breadcrumb"},"inLanguage":"de","potentialAction":[{"@type":"ReadAction","target":["https:\/\/www.loscortijosdelareserva.com\/privacidad\/"]}]},{"@type":"BreadcrumbList","@id":"https:\/\/www.loscortijosdelareserva.com\/privacidad\/#breadcrumb","itemListElement":[{"@type":"ListItem","position":1,"name":"Portada","item":"https:\/\/www.loscortijosdelareserva.com\/"},{"@type":"ListItem","position":2,"name":"Privacidad"}]},{"@type":"WebSite","@id":"https:\/\/www.loscortijosdelareserva.com\/en\/#website","url":"https:\/\/www.loscortijosdelareserva.com\/en\/","name":"Los Cortijos de la Reserva","description":"","publisher":{"@id":"https:\/\/www.loscortijosdelareserva.com\/en\/#organization"},"potentialAction":[{"@type":"SearchAction","target":{"@type":"EntryPoint","urlTemplate":"https:\/\/www.loscortijosdelareserva.com\/en\/?s={search_term_string}"},"query-input":{"@type":"PropertyValueSpecification","valueRequired":true,"valueName":"search_term_string"}}],"inLanguage":"de"},{"@type":"Organization","@id":"https:\/\/www.loscortijosdelareserva.com\/en\/#organization","name":"Los Cortijos de la Reserva","url":"https:\/\/www.loscortijosdelareserva.com\/en\/","logo":{"@type":"ImageObject","inLanguage":"de","@id":"https:\/\/www.loscortijosdelareserva.com\/en\/#\/schema\/logo\/image\/","url":"https:\/\/www.loscortijosdelareserva.com\/wp-content\/uploads\/Los-Cortijos-de-la-Reserva-Casas.jpg","contentUrl":"https:\/\/www.loscortijosdelareserva.com\/wp-content\/uploads\/Los-Cortijos-de-la-Reserva-Casas.jpg","width":1803,"height":1200,"caption":"Los Cortijos de la Reserva"},"image":{"@id":"https:\/\/www.loscortijosdelareserva.com\/en\/#\/schema\/logo\/image\/"}}]}},"jetpack_sharing_enabled":true,"_links":{"self":[{"href":"https:\/\/www.loscortijosdelareserva.com\/de\/wp-json\/wp\/v2\/pages\/120","targetHints":{"allow":["GET"]}}],"collection":[{"href":"https:\/\/www.loscortijosdelareserva.com\/de\/wp-json\/wp\/v2\/pages"}],"about":[{"href":"https:\/\/www.loscortijosdelareserva.com\/de\/wp-json\/wp\/v2\/types\/page"}],"author":[{"embeddable":true,"href":"https:\/\/www.loscortijosdelareserva.com\/de\/wp-json\/wp\/v2\/users\/1"}],"replies":[{"embeddable":true,"href":"https:\/\/www.loscortijosdelareserva.com\/de\/wp-json\/wp\/v2\/comments?post=120"}],"version-history":[{"count":0,"href":"https:\/\/www.loscortijosdelareserva.com\/de\/wp-json\/wp\/v2\/pages\/120\/revisions"}],"wp:attachment":[{"href":"https:\/\/www.loscortijosdelareserva.com\/de\/wp-json\/wp\/v2\/media?parent=120"}],"curies":[{"name":"wp","href":"https:\/\/api.w.org\/{rel}","templated":true}]}}