{"id":120,"date":"2019-04-09T23:02:56","date_gmt":"2019-04-09T21:02:56","guid":{"rendered":"https:\/\/www.loscortijosdelareserva.com\/?page_id=120"},"modified":"2019-04-18T13:19:33","modified_gmt":"2019-04-18T11:19:33","slug":"privacite","status":"publish","type":"page","link":"https:\/\/www.loscortijosdelareserva.com\/fr\/privacite\/","title":{"rendered":"Privacit\u00e9"},"content":{"rendered":"<div id=\"ez-toc-container\" class=\"ez-toc-v2_0_82_2 counter-hierarchy ez-toc-counter ez-toc-custom ez-toc-container-direction\">\n<div class=\"ez-toc-title-container\"><p class=\"ez-toc-title\" style=\"cursor:inherit\">Table des mati\u00e8res<\/p>\n<\/div><nav><ul class='ez-toc-list ez-toc-list-level-1' ><li class='ez-toc-page-1 ez-toc-heading-level-2'><a class=\"ez-toc-link ez-toc-heading-1\" href=\"https:\/\/www.loscortijosdelareserva.com\/fr\/privacite\/#Politica_de_Privacidad\" >Politique de confidentialit\u00e9<\/a><\/li><li class='ez-toc-page-1 ez-toc-heading-level-2'><a class=\"ez-toc-link ez-toc-heading-2\" href=\"https:\/\/www.loscortijosdelareserva.com\/fr\/privacite\/#Informacion_que_es_recogida\" >Informations \u00e0 recueillir<\/a><\/li><li class='ez-toc-page-1 ez-toc-heading-level-2'><a class=\"ez-toc-link ez-toc-heading-3\" href=\"https:\/\/www.loscortijosdelareserva.com\/fr\/privacite\/#Uso_de_la_informacion_recogida\" >Utilisation des informations recueillies<\/a><\/li><li class='ez-toc-page-1 ez-toc-heading-level-2'><a class=\"ez-toc-link ez-toc-heading-4\" href=\"https:\/\/www.loscortijosdelareserva.com\/fr\/privacite\/#Cookies\" >Cookies<\/a><\/li><li class='ez-toc-page-1 ez-toc-heading-level-2'><a class=\"ez-toc-link ez-toc-heading-5\" href=\"https:\/\/www.loscortijosdelareserva.com\/fr\/privacite\/#Enlaces_a_Terceros\" >Enlaces a Terceros<\/a><\/li><li class='ez-toc-page-1 ez-toc-heading-level-2'><a class=\"ez-toc-link ez-toc-heading-6\" href=\"https:\/\/www.loscortijosdelareserva.com\/fr\/privacite\/#Control_de_su_informacion_personal\" >Contr\u00f4le des donn\u00e9es personnelles<\/a><\/li><\/ul><\/nav><\/div>\n<h2><span class=\"ez-toc-section\" id=\"Politica_de_Privacidad\"><\/span>Politique de confidentialit\u00e9<span class=\"ez-toc-section-end\"><\/span><\/h2>\n<p>La pr\u00e9sente politique de confidentialit\u00e9 d\u00e9finit les termes dans lesquels LosCortijosDeLaReserva.com utilise et prot\u00e8ge les informations fournies par ses utilisateurs au moment de l'utilisation de son site web. Cette soci\u00e9t\u00e9 est tr\u00e8s attach\u00e9e \u00e0 la s\u00e9curit\u00e9 des donn\u00e9es de ses utilisateurs. Lorsque nous demandons \u00e0 l'utilisateur de remplir les champs d'informations personnelles qui lui permettront de s'identifier, nous veillons \u00e0 ce qu'il ne les utilise qu'en conformit\u00e9 avec les termes de ce document. Toutefois, cette politique de confidentialit\u00e9 peut changer avec le temps ou \u00eatre mise \u00e0 jour, ce que nous vous recommandons et nous vous invitons \u00e0 consulter r\u00e9guli\u00e8rement cette page pour vous assurer que vous \u00eates d'accord avec ces changements.<\/p>\n<h2><span class=\"ez-toc-section\" id=\"Informacion_que_es_recogida\"><\/span>Informations \u00e0 recueillir<span class=\"ez-toc-section-end\"><\/span><\/h2>\n<p>Notre site web peut enregistrer des informations personnelles, par exemple : le nom, les informations de contact comme la direction du courrier \u00e9lectronique et les informations d\u00e9mographiques. De m\u00eame, lorsque cela s'av\u00e8re n\u00e9cessaire, des informations sp\u00e9cifiques peuvent \u00eatre demand\u00e9es pour le traitement d'une commande, d'un envoi ou d'une facturation.<\/p>\n<h2><span class=\"ez-toc-section\" id=\"Uso_de_la_informacion_recogida\"><\/span>Utilisation des informations recueillies<span class=\"ez-toc-section-end\"><\/span><\/h2>\n<p>Notre site web utilise l'information dans le but de fournir le meilleur service possible, en particulier pour tenir un registre des utilisateurs, des commandes en cas d'appel, et pour am\u00e9liorer nos produits et services. Il est possible que des courriers \u00e9lectroniques soient envoy\u00e9s p\u00e9riodiquement par l'interm\u00e9diaire de notre site avec des offres sp\u00e9ciales, de nouveaux produits et d'autres informations publiques que nous consid\u00e9rons comme pertinentes pour nous ou qui peuvent nous apporter un avantage, ces courriers \u00e9lectroniques sont envoy\u00e9s \u00e0 l'adresse que nous avons fournie et peuvent \u00eatre annul\u00e9s \u00e0 tout moment.<\/p>\n<p>LosCortijosDeLaReserva.com s'efforce de respecter son engagement \u00e0 maintenir la s\u00e9curit\u00e9 de ses informations. Nous utilisons les syst\u00e8mes les plus avanc\u00e9s et les actualisons en permanence pour nous assurer qu'il n'existe aucun acc\u00e8s non autoris\u00e9.<\/p>\n<h2><span class=\"ez-toc-section\" id=\"Cookies\"><\/span>Cookies<span class=\"ez-toc-section-end\"><\/span><\/h2>\n<p>Un cookie se r\u00e9f\u00e8re \u00e0 un fichier qui est envoy\u00e9 dans le but de demander l'autorisation d'\u00eatre stock\u00e9 dans votre ordinateur. En acceptant ce fichier, il se cr\u00e9e et le cookie sert ensuite \u00e0 fournir des informations relatives au trafic sur le web, et facilite les futures visites sur un site web r\u00e9current. Les cookies ont \u00e9galement pour fonction de permettre aux sites web de vous reconna\u00eetre individuellement et donc de vous offrir le meilleur service personnalis\u00e9 de leur site web.<\/p>\n<p>Notre site web utilise des cookies pour identifier les pages visit\u00e9es et leur fr\u00e9quence. Ces informations sont utilis\u00e9es uniquement pour des analyses statistiques et sont ensuite \u00e9limin\u00e9es de mani\u00e8re permanente. L'utilisateur peut \u00e9liminer les cookies \u00e0 tout moment depuis son ordinateur. Cependant, les cookies permettent d'am\u00e9liorer le service des sites web, mais ne donnent pas acc\u00e8s aux informations de votre ordinateur ni de vous-m\u00eame, \u00e0 moins que vous ne le souhaitiez et que vous ne fournissiez directement les visites d'un site web. L'utilisateur peut accepter ou refuser l'utilisation de cookies, mais la plupart des navigateurs acceptent automatiquement les cookies, ce qui permet d'am\u00e9liorer le service Web. Vous pouvez \u00e9galement modifier la configuration de votre ordinateur pour refuser les cookies. Si vous les refusez, il est possible que vous ne puissiez pas utiliser certains de nos services.<\/p>\n<h2><span class=\"ez-toc-section\" id=\"Enlaces_a_Terceros\"><\/span>Enlaces a Terceros<span class=\"ez-toc-section-end\"><\/span><\/h2>\n<p>Ce site web peut contenir des liens vers d'autres sites susceptibles de vous int\u00e9resser. Une fois que vous avez cliqu\u00e9 sur ces liens et abandonn\u00e9 notre page, nous n'avons plus aucun contr\u00f4le sur le site que vous avez redirig\u00e9 et, par cons\u00e9quent, nous ne sommes plus responsables des termes de confidentialit\u00e9 ni de la protection de vos donn\u00e9es sur ces autres sites. Ces sites sont soumis \u00e0 leurs propres politiques de confidentialit\u00e9, c'est pourquoi il est recommand\u00e9 de les consulter pour s'assurer qu'elles sont accept\u00e9es.<\/p>\n<h2><span class=\"ez-toc-section\" id=\"Control_de_su_informacion_personal\"><\/span>Contr\u00f4le des donn\u00e9es personnelles<span class=\"ez-toc-section-end\"><\/span><\/h2>\n<p>\u00c0 tout moment, vous pouvez vous opposer \u00e0 la collecte ou \u00e0 l'utilisation des informations personnelles que vous avez fournies sur notre site web. Chaque fois qu'il est demand\u00e9 de remplir un formulaire, comme celui du haut niveau d'utilisation, l'utilisateur peut cocher ou d\u00e9cocher l'option de recevoir des informations par courrier \u00e9lectronique. Si vous avez coch\u00e9 l'option de recevoir notre bulletin ou notre publicit\u00e9, vous pouvez l'annuler \u00e0 tout moment.<\/p>\n<p>Esta compa\u00f1\u00eda no vender\u00e1, ceder\u00e1 ni distribuir\u00e1 la informaci\u00f3n personal que es recopilada sin su consentimiento, salvo que sea requerido por un juez con un orden judicial.<\/p>\n<p>LosCortijosDeLaReserva.com Nous nous r\u00e9servons le droit de modifier les termes de la pr\u00e9sente politique de confidentialit\u00e9 \u00e0 tout moment.<\/p>","protected":false},"excerpt":{"rendered":"<p>Politique de confidentialit\u00e9 La pr\u00e9sente politique de confidentialit\u00e9 d\u00e9finit les termes dans lesquels LosCortijosDeLaReserva.com utilise et prot\u00e8ge les informations fournies par ses utilisateurs au moment de l'utilisation de son site web. Cette soci\u00e9t\u00e9 est tr\u00e8s attach\u00e9e \u00e0 la s\u00e9curit\u00e9 des donn\u00e9es de ses utilisateurs. Lorsque vous nous demandez de remplir les champs d'informations personnelles avec ... <a title=\"Privacit\u00e9\" class=\"read-more\" href=\"https:\/\/www.loscortijosdelareserva.com\/fr\/privacite\/\" aria-label=\"En savoir plus sur Privacidad\">Lire la suite<\/a><\/p>","protected":false},"author":1,"featured_media":0,"parent":0,"menu_order":0,"comment_status":"closed","ping_status":"closed","template":"","meta":{"footnotes":""},"class_list":["post-120","page","type-page","status-publish"],"yoast_head":"<!-- This site is optimized with the Yoast SEO plugin v27.5 - https:\/\/yoast.com\/product\/yoast-seo-wordpress\/ -->\n<title>Privacidad - Los Cortijos de la Reserva<\/title>\n<meta name=\"robots\" content=\"index, follow, max-snippet:-1, max-image-preview:large, max-video-preview:-1\" \/>\n<link rel=\"canonical\" href=\"https:\/\/www.loscortijosdelareserva.com\/fr\/privacite\/\" \/>\n<meta property=\"og:locale\" content=\"fr_FR\" \/>\n<meta property=\"og:type\" content=\"article\" \/>\n<meta property=\"og:title\" content=\"Privacidad - Los Cortijos de la Reserva\" \/>\n<meta property=\"og:description\" content=\"Pol\u00edtica de Privacidad El presente Pol\u00edtica de Privacidad establece los t\u00e9rminos en que LosCortijosDeLaReserva.com usa y protege la informaci\u00f3n que es proporcionada por sus usuarios al momento de utilizar su sitio web. Esta compa\u00f1\u00eda est\u00e1 comprometida con la seguridad de los datos de sus usuarios. Cuando le pedimos llenar los campos de informaci\u00f3n personal con ... Lire la suite\" \/>\n<meta property=\"og:url\" content=\"https:\/\/www.loscortijosdelareserva.com\/fr\/privacite\/\" \/>\n<meta property=\"og:site_name\" content=\"Los Cortijos de la Reserva\" \/>\n<meta property=\"article:modified_time\" content=\"2019-04-18T11:19:33+00:00\" \/>\n<meta name=\"twitter:card\" content=\"summary_large_image\" \/>\n<meta name=\"twitter:label1\" content=\"Dur\u00e9e de lecture estim\u00e9e\" \/>\n\t<meta name=\"twitter:data1\" content=\"4 minutes\" \/>\n<script type=\"application\/ld+json\" class=\"yoast-schema-graph\">{\"@context\":\"https:\\\/\\\/schema.org\",\"@graph\":[{\"@type\":\"WebPage\",\"@id\":\"https:\\\/\\\/www.loscortijosdelareserva.com\\\/privacidad\\\/\",\"url\":\"https:\\\/\\\/www.loscortijosdelareserva.com\\\/privacidad\\\/\",\"name\":\"Privacidad - Los Cortijos de la Reserva\",\"isPartOf\":{\"@id\":\"https:\\\/\\\/www.loscortijosdelareserva.com\\\/en\\\/#website\"},\"datePublished\":\"2019-04-09T21:02:56+00:00\",\"dateModified\":\"2019-04-18T11:19:33+00:00\",\"breadcrumb\":{\"@id\":\"https:\\\/\\\/www.loscortijosdelareserva.com\\\/privacidad\\\/#breadcrumb\"},\"inLanguage\":\"fr-FR\",\"potentialAction\":[{\"@type\":\"ReadAction\",\"target\":[\"https:\\\/\\\/www.loscortijosdelareserva.com\\\/privacidad\\\/\"]}]},{\"@type\":\"BreadcrumbList\",\"@id\":\"https:\\\/\\\/www.loscortijosdelareserva.com\\\/privacidad\\\/#breadcrumb\",\"itemListElement\":[{\"@type\":\"ListItem\",\"position\":1,\"name\":\"Portada\",\"item\":\"https:\\\/\\\/www.loscortijosdelareserva.com\\\/\"},{\"@type\":\"ListItem\",\"position\":2,\"name\":\"Privacidad\"}]},{\"@type\":\"WebSite\",\"@id\":\"https:\\\/\\\/www.loscortijosdelareserva.com\\\/en\\\/#website\",\"url\":\"https:\\\/\\\/www.loscortijosdelareserva.com\\\/en\\\/\",\"name\":\"Los Cortijos de la Reserva\",\"description\":\"\",\"publisher\":{\"@id\":\"https:\\\/\\\/www.loscortijosdelareserva.com\\\/en\\\/#organization\"},\"potentialAction\":[{\"@type\":\"SearchAction\",\"target\":{\"@type\":\"EntryPoint\",\"urlTemplate\":\"https:\\\/\\\/www.loscortijosdelareserva.com\\\/en\\\/?s={search_term_string}\"},\"query-input\":{\"@type\":\"PropertyValueSpecification\",\"valueRequired\":true,\"valueName\":\"search_term_string\"}}],\"inLanguage\":\"fr-FR\"},{\"@type\":\"Organization\",\"@id\":\"https:\\\/\\\/www.loscortijosdelareserva.com\\\/en\\\/#organization\",\"name\":\"Los Cortijos de la Reserva\",\"url\":\"https:\\\/\\\/www.loscortijosdelareserva.com\\\/en\\\/\",\"logo\":{\"@type\":\"ImageObject\",\"inLanguage\":\"fr-FR\",\"@id\":\"https:\\\/\\\/www.loscortijosdelareserva.com\\\/en\\\/#\\\/schema\\\/logo\\\/image\\\/\",\"url\":\"https:\\\/\\\/www.loscortijosdelareserva.com\\\/wp-content\\\/uploads\\\/Los-Cortijos-de-la-Reserva-Casas.jpg\",\"contentUrl\":\"https:\\\/\\\/www.loscortijosdelareserva.com\\\/wp-content\\\/uploads\\\/Los-Cortijos-de-la-Reserva-Casas.jpg\",\"width\":1803,\"height\":1200,\"caption\":\"Los Cortijos de la Reserva\"},\"image\":{\"@id\":\"https:\\\/\\\/www.loscortijosdelareserva.com\\\/en\\\/#\\\/schema\\\/logo\\\/image\\\/\"}}]}<\/script>\n<!-- \/ Yoast SEO plugin. -->","yoast_head_json":{"title":"Privacit\u00e9 - Los Cortijos de la Reserva","robots":{"index":"index","follow":"follow","max-snippet":"max-snippet:-1","max-image-preview":"max-image-preview:large","max-video-preview":"max-video-preview:-1"},"canonical":"https:\/\/www.loscortijosdelareserva.com\/fr\/privacite\/","og_locale":"fr_FR","og_type":"article","og_title":"Privacidad - Los Cortijos de la Reserva","og_description":"Pol\u00edtica de Privacidad El presente Pol\u00edtica de Privacidad establece los t\u00e9rminos en que LosCortijosDeLaReserva.com usa y protege la informaci\u00f3n que es proporcionada por sus usuarios al momento de utilizar su sitio web. Esta compa\u00f1\u00eda est\u00e1 comprometida con la seguridad de los datos de sus usuarios. Cuando le pedimos llenar los campos de informaci\u00f3n personal con ... Lire la suite","og_url":"https:\/\/www.loscortijosdelareserva.com\/fr\/privacite\/","og_site_name":"Los Cortijos de la Reserva","article_modified_time":"2019-04-18T11:19:33+00:00","twitter_card":"summary_large_image","twitter_misc":{"Dur\u00e9e de lecture estim\u00e9e":"4 minutes"},"schema":{"@context":"https:\/\/schema.org","@graph":[{"@type":"WebPage","@id":"https:\/\/www.loscortijosdelareserva.com\/privacidad\/","url":"https:\/\/www.loscortijosdelareserva.com\/privacidad\/","name":"Privacit\u00e9 - Los Cortijos de la Reserva","isPartOf":{"@id":"https:\/\/www.loscortijosdelareserva.com\/en\/#website"},"datePublished":"2019-04-09T21:02:56+00:00","dateModified":"2019-04-18T11:19:33+00:00","breadcrumb":{"@id":"https:\/\/www.loscortijosdelareserva.com\/privacidad\/#breadcrumb"},"inLanguage":"fr-FR","potentialAction":[{"@type":"ReadAction","target":["https:\/\/www.loscortijosdelareserva.com\/privacidad\/"]}]},{"@type":"BreadcrumbList","@id":"https:\/\/www.loscortijosdelareserva.com\/privacidad\/#breadcrumb","itemListElement":[{"@type":"ListItem","position":1,"name":"Portada","item":"https:\/\/www.loscortijosdelareserva.com\/"},{"@type":"ListItem","position":2,"name":"Privacidad"}]},{"@type":"WebSite","@id":"https:\/\/www.loscortijosdelareserva.com\/en\/#website","url":"https:\/\/www.loscortijosdelareserva.com\/en\/","name":"Los Cortijos de la Reserva","description":"","publisher":{"@id":"https:\/\/www.loscortijosdelareserva.com\/en\/#organization"},"potentialAction":[{"@type":"SearchAction","target":{"@type":"EntryPoint","urlTemplate":"https:\/\/www.loscortijosdelareserva.com\/en\/?s={search_term_string}"},"query-input":{"@type":"PropertyValueSpecification","valueRequired":true,"valueName":"search_term_string"}}],"inLanguage":"fr-FR"},{"@type":"Organization","@id":"https:\/\/www.loscortijosdelareserva.com\/en\/#organization","name":"Los Cortijos de la Reserva","url":"https:\/\/www.loscortijosdelareserva.com\/en\/","logo":{"@type":"ImageObject","inLanguage":"fr-FR","@id":"https:\/\/www.loscortijosdelareserva.com\/en\/#\/schema\/logo\/image\/","url":"https:\/\/www.loscortijosdelareserva.com\/wp-content\/uploads\/Los-Cortijos-de-la-Reserva-Casas.jpg","contentUrl":"https:\/\/www.loscortijosdelareserva.com\/wp-content\/uploads\/Los-Cortijos-de-la-Reserva-Casas.jpg","width":1803,"height":1200,"caption":"Los Cortijos de la Reserva"},"image":{"@id":"https:\/\/www.loscortijosdelareserva.com\/en\/#\/schema\/logo\/image\/"}}]}},"jetpack_sharing_enabled":true,"_links":{"self":[{"href":"https:\/\/www.loscortijosdelareserva.com\/fr\/wp-json\/wp\/v2\/pages\/120","targetHints":{"allow":["GET"]}}],"collection":[{"href":"https:\/\/www.loscortijosdelareserva.com\/fr\/wp-json\/wp\/v2\/pages"}],"about":[{"href":"https:\/\/www.loscortijosdelareserva.com\/fr\/wp-json\/wp\/v2\/types\/page"}],"author":[{"embeddable":true,"href":"https:\/\/www.loscortijosdelareserva.com\/fr\/wp-json\/wp\/v2\/users\/1"}],"replies":[{"embeddable":true,"href":"https:\/\/www.loscortijosdelareserva.com\/fr\/wp-json\/wp\/v2\/comments?post=120"}],"version-history":[{"count":0,"href":"https:\/\/www.loscortijosdelareserva.com\/fr\/wp-json\/wp\/v2\/pages\/120\/revisions"}],"wp:attachment":[{"href":"https:\/\/www.loscortijosdelareserva.com\/fr\/wp-json\/wp\/v2\/media?parent=120"}],"curies":[{"name":"wp","href":"https:\/\/api.w.org\/{rel}","templated":true}]}}